{"id":538,"date":"2023-05-08T12:50:42","date_gmt":"2023-05-08T10:50:42","guid":{"rendered":"https:\/\/sit.skarzysko.pl\/?page_id=538"},"modified":"2023-11-07T12:29:44","modified_gmt":"2023-11-07T11:29:44","slug":"aplikacje-do-sit","status":"publish","type":"page","link":"https:\/\/sit.skarzysko.pl\/index.php\/aplikacje-do-sit\/","title":{"rendered":"Aplikacje do SIT"},"content":{"rendered":"\t\t<div data-elementor-type=\"wp-page\" data-elementor-id=\"538\" class=\"elementor elementor-538\" data-elementor-post-type=\"page\">\n\t\t\t\t\t\t<section class=\"elementor-section elementor-top-section elementor-element elementor-element-a937485 elementor-section-height-min-height elementor-reverse-mobile elementor-section-boxed elementor-section-height-default elementor-section-items-middle\" data-id=\"a937485\" data-element_type=\"section\" data-settings=\"{&quot;background_background&quot;:&quot;slideshow&quot;,&quot;background_slideshow_gallery&quot;:[{&quot;id&quot;:360,&quot;url&quot;:&quot;http:\\\/\\\/sit.skarzysko.pl\\\/wp-content\\\/uploads\\\/2023\\\/03\\\/02-min-1-scaled.jpg&quot;},{&quot;id&quot;:361,&quot;url&quot;:&quot;http:\\\/\\\/sit.skarzysko.pl\\\/wp-content\\\/uploads\\\/2023\\\/03\\\/COI2-min-1.jpg&quot;},{&quot;id&quot;:363,&quot;url&quot;:&quot;http:\\\/\\\/sit.skarzysko.pl\\\/wp-content\\\/uploads\\\/2023\\\/03\\\/IMG_6058-min-1-scaled.jpg&quot;},{&quot;id&quot;:221,&quot;url&quot;:&quot;http:\\\/\\\/sit.skarzysko.pl\\\/wp-content\\\/uploads\\\/2023\\\/03\\\/COI1.jpg&quot;}],&quot;background_slideshow_lazyload&quot;:&quot;yes&quot;,&quot;background_slideshow_ken_burns&quot;:&quot;yes&quot;,&quot;background_slideshow_loop&quot;:&quot;yes&quot;,&quot;background_slideshow_slide_duration&quot;:5000,&quot;background_slideshow_slide_transition&quot;:&quot;fade&quot;,&quot;background_slideshow_transition_duration&quot;:500,&quot;background_slideshow_ken_burns_zoom_direction&quot;:&quot;in&quot;}\">\n\t\t\t\t\t\t\t<div class=\"elementor-background-overlay\"><\/div>\n\t\t\t\t\t\t\t<div class=\"elementor-container elementor-column-gap-default\">\n\t\t\t\t\t<div class=\"elementor-column elementor-col-100 elementor-top-column elementor-element elementor-element-42dccad5 elementor-invisible\" data-id=\"42dccad5\" data-element_type=\"column\" data-settings=\"{&quot;background_background&quot;:&quot;classic&quot;,&quot;animation&quot;:&quot;fadeInUp&quot;}\">\n\t\t\t<div class=\"elementor-widget-wrap elementor-element-populated\">\n\t\t\t\t\t\t<div class=\"elementor-element elementor-element-3b0dd330 elementor-invisible elementor-widget elementor-widget-heading\" data-id=\"3b0dd330\" data-element_type=\"widget\" data-settings=\"{&quot;_animation&quot;:&quot;fadeInUp&quot;}\" data-widget_type=\"heading.default\">\n\t\t\t\t<div class=\"elementor-widget-container\">\n\t\t\t<h1 class=\"elementor-heading-title elementor-size-default\">Aplikacje<\/br>do SIT<\/h1>\t\t<\/div>\n\t\t\t\t<\/div>\n\t\t\t\t\t<\/div>\n\t\t<\/div>\n\t\t\t\t\t<\/div>\n\t\t<\/section>\n\t\t\t\t<section class=\"elementor-section elementor-top-section elementor-element elementor-element-2637058 elementor-section-boxed elementor-section-height-default elementor-section-height-default\" data-id=\"2637058\" data-element_type=\"section\">\n\t\t\t\t\t\t<div class=\"elementor-container elementor-column-gap-default\">\n\t\t\t\t\t<div class=\"elementor-column elementor-col-33 elementor-top-column elementor-element elementor-element-5b83ee1 animated-slow elementor-invisible\" data-id=\"5b83ee1\" data-element_type=\"column\" data-settings=\"{&quot;animation&quot;:&quot;bounceInUp&quot;}\">\n\t\t\t<div class=\"elementor-widget-wrap elementor-element-populated\">\n\t\t\t\t\t\t<div class=\"elementor-element elementor-element-5f285e4 ekit-equal-height-disable elementor-widget elementor-widget-elementskit-icon-box\" data-id=\"5f285e4\" data-element_type=\"widget\" data-widget_type=\"elementskit-icon-box.default\">\n\t\t\t\t<div class=\"elementor-widget-container\">\n\t\t\t<div class=\"ekit-wid-con\" >        <!-- link opening -->\n                <!-- end link opening -->\n\n        <div class=\"elementskit-infobox text-left text-left icon-lef-right-aligin elementor-animation- media  \">\n                    <div class=\"elementskit-box-header elementor-animation-\">\n                <div class=\"elementskit-info-box-icon  text-center\">\n                    <i aria-hidden=\"true\" class=\"elementkit-infobox-icon icon icon-apartment1\"><\/i>\n                <\/div>\n          <\/div>\n                        <div class=\"box-body\">\n                            <h3 class=\"elementskit-info-box-title\">\n                    Powierzchnie                <\/h3>\n                        \t\t  <p>  NOWOCZESNY KOMPLEKS  10 HAL PRODUKCYJNYCH ORAZ 5 MAGAZYNOWYCH<\/p>\n                                <\/div>\n        \n        \n                <\/div>\n        <\/div>\t\t<\/div>\n\t\t\t\t<\/div>\n\t\t\t\t\t<\/div>\n\t\t<\/div>\n\t\t\t\t<div class=\"elementor-column elementor-col-33 elementor-top-column elementor-element elementor-element-e25959c animated-slow elementor-invisible\" data-id=\"e25959c\" data-element_type=\"column\" data-settings=\"{&quot;animation&quot;:&quot;bounceInUp&quot;,&quot;animation_delay&quot;:120}\">\n\t\t\t<div class=\"elementor-widget-wrap elementor-element-populated\">\n\t\t\t\t\t\t<div class=\"elementor-element elementor-element-da8810c ekit-equal-height-disable elementor-widget elementor-widget-elementskit-icon-box\" data-id=\"da8810c\" data-element_type=\"widget\" data-widget_type=\"elementskit-icon-box.default\">\n\t\t\t\t<div class=\"elementor-widget-container\">\n\t\t\t<div class=\"ekit-wid-con\" >        <!-- link opening -->\n                <!-- end link opening -->\n\n        <div class=\"elementskit-infobox text-left text-left icon-lef-right-aligin elementor-animation- media  \">\n                    <div class=\"elementskit-box-header elementor-animation-\">\n                <div class=\"elementskit-info-box-icon  text-center\">\n                    <i aria-hidden=\"true\" class=\"elementkit-infobox-icon icon icon-laptop-phone\"><\/i>\n                <\/div>\n          <\/div>\n                        <div class=\"box-body\">\n                            <h3 class=\"elementskit-info-box-title\">\n                    Zaplecze                <\/h3>\n                        \t\t  <p>KLIMATYZOWANE ZAPLECZA SOCJALNO \u2013 BIUROWE Z WYPOSA\u017bENIEM MEBLOWYM<\/p>\n                                <\/div>\n        \n        \n                <\/div>\n        <\/div>\t\t<\/div>\n\t\t\t\t<\/div>\n\t\t\t\t\t<\/div>\n\t\t<\/div>\n\t\t\t\t<div class=\"elementor-column elementor-col-33 elementor-top-column elementor-element elementor-element-103de25 animated-slow elementor-invisible\" data-id=\"103de25\" data-element_type=\"column\" data-settings=\"{&quot;animation&quot;:&quot;bounceInUp&quot;,&quot;animation_delay&quot;:240}\">\n\t\t\t<div class=\"elementor-widget-wrap elementor-element-populated\">\n\t\t\t\t\t\t<div class=\"elementor-element elementor-element-775a257 ekit-equal-height-disable elementor-widget elementor-widget-elementskit-icon-box\" data-id=\"775a257\" data-element_type=\"widget\" data-widget_type=\"elementskit-icon-box.default\">\n\t\t\t\t<div class=\"elementor-widget-container\">\n\t\t\t<div class=\"ekit-wid-con\" >        <!-- link opening -->\n                <!-- end link opening -->\n\n        <div class=\"elementskit-infobox text-left text-left icon-lef-right-aligin elementor-animation- media  \">\n                    <div class=\"elementskit-box-header elementor-animation-\">\n                <div class=\"elementskit-info-box-icon  text-center\">\n                    <i aria-hidden=\"true\" class=\"elementkit-infobox-icon icon icon-map-marker\"><\/i>\n                <\/div>\n          <\/div>\n                        <div class=\"box-body\">\n                            <h3 class=\"elementskit-info-box-title\">\n                    Lokalizacja                <\/h3>\n                        \t\t  <p>\u015aWIETNA LOKALIZACJA NA UBOCZU MIASTA Z DOBRYM I SZYBKIM DOJAZDEM DO CENTRUM<\/p>\n                                <\/div>\n        \n        \n                <\/div>\n        <\/div>\t\t<\/div>\n\t\t\t\t<\/div>\n\t\t\t\t\t<\/div>\n\t\t<\/div>\n\t\t\t\t\t<\/div>\n\t\t<\/section>\n\t\t\t\t<section class=\"elementor-section elementor-top-section elementor-element elementor-element-6025d499 elementor-section-boxed elementor-section-height-default elementor-section-height-default\" data-id=\"6025d499\" data-element_type=\"section\">\n\t\t\t\t\t\t<div class=\"elementor-container elementor-column-gap-default\">\n\t\t\t\t\t<div class=\"elementor-column elementor-col-50 elementor-top-column elementor-element elementor-element-6c4038bc elementor-invisible\" data-id=\"6c4038bc\" data-element_type=\"column\" data-settings=\"{&quot;animation&quot;:&quot;fadeInLeft&quot;}\">\n\t\t\t<div class=\"elementor-widget-wrap elementor-element-populated\">\n\t\t\t\t\t\t<div class=\"elementor-element elementor-element-5f300cc5 elementor-widget elementor-widget-heading\" data-id=\"5f300cc5\" data-element_type=\"widget\" data-widget_type=\"heading.default\">\n\t\t\t\t<div class=\"elementor-widget-container\">\n\t\t\t<h6 class=\"elementor-heading-title elementor-size-default\">SIT skar\u017cysko kamienna<\/h6>\t\t<\/div>\n\t\t\t\t<\/div>\n\t\t\t\t<div class=\"elementor-element elementor-element-108fbddb elementor-widget elementor-widget-heading\" data-id=\"108fbddb\" data-element_type=\"widget\" data-widget_type=\"heading.default\">\n\t\t\t\t<div class=\"elementor-widget-container\">\n\t\t\t<h2 class=\"elementor-heading-title elementor-size-default\">Kto mo\u017ce sk\u0142ada\u0107 aplikacje do SIT\n\n<\/h2>\t\t<\/div>\n\t\t\t\t<\/div>\n\t\t\t\t<div class=\"elementor-element elementor-element-3cfc8c79 elementor-widget elementor-widget-text-editor\" data-id=\"3cfc8c79\" data-element_type=\"widget\" data-widget_type=\"text-editor.default\">\n\t\t\t\t<div class=\"elementor-widget-container\">\n\t\t\t\t\t\t\t<p>O mo\u017cliwo\u015b\u0107 zostania Najemc\u0105 Skar\u017cyskiego Inkubatora Technologicznego mog\u0105 ubiega\u0107 si\u0119 r\u00f3\u017cne rodzaje podmiot\u00f3w, a procedura aplikacyjna jest jasna i przejrzysta. Oto, jakie podmioty mog\u0105 ubiega\u0107 si\u0119 o wynajem w naszym Inkubatorze:<\/p><ul><li><strong>Przedsi\u0119biorcy:<\/strong> Skar\u017cyski Inkubator Technologiczny jest otwarty dla przedsi\u0119biorc\u00f3w, kt\u00f3rzy poszukuj\u0105 nowoczesnych przestrzeni do rozwoju swojej dzia\u0142alno\u015bci. Bez wzgl\u0119du na to, czy jeste\u015bcie na etapie start-upu czy macie ju\u017c do\u015bwiadczenie na rynku, zapewniamy infrastruktur\u0119 i wsparcie, aby pom\u00f3c Wam osi\u0105gn\u0105\u0107 sukces.<\/li><li><strong>Fundacje i stowarzyszenia:<\/strong> Rozumiemy, jak istotna jest dzia\u0142alno\u015b\u0107 organizacji non-profit w spo\u0142eczno\u015bci. Fundacje i stowarzyszenia, kt\u00f3re koncentruj\u0105 si\u0119 na wspieraniu mieszka\u0144c\u00f3w Skar\u017cyska-Kamiennej, mog\u0105 liczy\u0107 na nasze wsparcie w postaci dost\u0119pu do odpowiednich pomieszcze\u0144 i zasob\u00f3w.<\/li><\/ul>\t\t\t\t\t\t<\/div>\n\t\t\t\t<\/div>\n\t\t\t\t\t<\/div>\n\t\t<\/div>\n\t\t\t\t<div class=\"elementor-column elementor-col-50 elementor-top-column elementor-element elementor-element-67828a21 elementor-invisible\" data-id=\"67828a21\" data-element_type=\"column\" data-settings=\"{&quot;animation&quot;:&quot;bounceInUp&quot;}\">\n\t\t\t<div class=\"elementor-widget-wrap elementor-element-populated\">\n\t\t\t\t\t\t<div class=\"elementor-element elementor-element-45f219f0 animated-slow elementor-invisible elementor-widget elementor-widget-image\" data-id=\"45f219f0\" data-element_type=\"widget\" data-settings=\"{&quot;_animation&quot;:&quot;fadeInDown&quot;}\" data-widget_type=\"image.default\">\n\t\t\t\t<div class=\"elementor-widget-container\">\n\t\t\t\t\t\t\t\t\t\t\t\t\t<img fetchpriority=\"high\" decoding=\"async\" width=\"2000\" height=\"1335\" src=\"https:\/\/sit.skarzysko.pl\/wp-content\/uploads\/2023\/03\/office-building.jpg\" class=\"attachment-full size-full wp-image-59\" alt=\"\" srcset=\"https:\/\/sit.skarzysko.pl\/wp-content\/uploads\/2023\/03\/office-building.jpg 2000w, https:\/\/sit.skarzysko.pl\/wp-content\/uploads\/2023\/03\/office-building-300x200.jpg 300w, https:\/\/sit.skarzysko.pl\/wp-content\/uploads\/2023\/03\/office-building-1024x684.jpg 1024w, https:\/\/sit.skarzysko.pl\/wp-content\/uploads\/2023\/03\/office-building-768x513.jpg 768w, https:\/\/sit.skarzysko.pl\/wp-content\/uploads\/2023\/03\/office-building-1536x1025.jpg 1536w, https:\/\/sit.skarzysko.pl\/wp-content\/uploads\/2023\/03\/office-building-1568x1047.jpg 1568w\" sizes=\"(max-width: 2000px) 100vw, 2000px\" \/>\t\t\t\t\t\t\t\t\t\t\t\t\t<\/div>\n\t\t\t\t<\/div>\n\t\t\t\t\t<\/div>\n\t\t<\/div>\n\t\t\t\t\t<\/div>\n\t\t<\/section>\n\t\t\t\t<section class=\"elementor-section elementor-top-section elementor-element elementor-element-fffe82e elementor-section-boxed elementor-section-height-default elementor-section-height-default\" data-id=\"fffe82e\" data-element_type=\"section\">\n\t\t\t\t\t\t<div class=\"elementor-container elementor-column-gap-default\">\n\t\t\t\t\t<div class=\"elementor-column elementor-col-50 elementor-top-column elementor-element elementor-element-ccea269 elementor-invisible\" data-id=\"ccea269\" data-element_type=\"column\" data-settings=\"{&quot;animation&quot;:&quot;bounceInUp&quot;}\">\n\t\t\t<div class=\"elementor-widget-wrap elementor-element-populated\">\n\t\t\t\t\t\t<div class=\"elementor-element elementor-element-af1b968 animated-slow elementor-invisible elementor-widget elementor-widget-image\" data-id=\"af1b968\" data-element_type=\"widget\" data-settings=\"{&quot;_animation&quot;:&quot;fadeInDown&quot;}\" data-widget_type=\"image.default\">\n\t\t\t\t<div class=\"elementor-widget-container\">\n\t\t\t\t\t\t\t\t\t\t\t\t\t<img decoding=\"async\" width=\"2000\" height=\"2000\" src=\"https:\/\/sit.skarzysko.pl\/wp-content\/uploads\/2023\/05\/handsome-young-man-in-business-suit.jpg\" class=\"attachment-full size-full wp-image-816\" alt=\"Handsome young man in business suit\" srcset=\"https:\/\/sit.skarzysko.pl\/wp-content\/uploads\/2023\/05\/handsome-young-man-in-business-suit.jpg 2000w, https:\/\/sit.skarzysko.pl\/wp-content\/uploads\/2023\/05\/handsome-young-man-in-business-suit-300x300.jpg 300w, https:\/\/sit.skarzysko.pl\/wp-content\/uploads\/2023\/05\/handsome-young-man-in-business-suit-1024x1024.jpg 1024w, https:\/\/sit.skarzysko.pl\/wp-content\/uploads\/2023\/05\/handsome-young-man-in-business-suit-150x150.jpg 150w, https:\/\/sit.skarzysko.pl\/wp-content\/uploads\/2023\/05\/handsome-young-man-in-business-suit-768x768.jpg 768w, https:\/\/sit.skarzysko.pl\/wp-content\/uploads\/2023\/05\/handsome-young-man-in-business-suit-1536x1536.jpg 1536w\" sizes=\"(max-width: 2000px) 100vw, 2000px\" \/>\t\t\t\t\t\t\t\t\t\t\t\t\t<\/div>\n\t\t\t\t<\/div>\n\t\t\t\t\t<\/div>\n\t\t<\/div>\n\t\t\t\t<div class=\"elementor-column elementor-col-50 elementor-top-column elementor-element elementor-element-9e7d886 elementor-invisible\" data-id=\"9e7d886\" data-element_type=\"column\" data-settings=\"{&quot;animation&quot;:&quot;fadeInLeft&quot;}\">\n\t\t\t<div class=\"elementor-widget-wrap elementor-element-populated\">\n\t\t\t\t\t\t<div class=\"elementor-element elementor-element-3daf58b elementor-widget elementor-widget-heading\" data-id=\"3daf58b\" data-element_type=\"widget\" data-widget_type=\"heading.default\">\n\t\t\t\t<div class=\"elementor-widget-container\">\n\t\t\t<h6 class=\"elementor-heading-title elementor-size-default\">SIT  skar\u017cysko kamienna<\/h6>\t\t<\/div>\n\t\t\t\t<\/div>\n\t\t\t\t<div class=\"elementor-element elementor-element-2640137 elementor-widget elementor-widget-text-editor\" data-id=\"2640137\" data-element_type=\"widget\" data-widget_type=\"text-editor.default\">\n\t\t\t\t<div class=\"elementor-widget-container\">\n\t\t\t\t\t\t\t<ul><li><strong>Podmioty dzia\u0142aj\u0105ce niekomercyjnie, zajmuj\u0105ce si\u0119 wspieraniem mieszka\u0144c\u00f3w Skar\u017cyska-Kamiennej:<\/strong> W naszym Inkubatorze cenimy inicjatywy i projekty, kt\u00f3re przyczyniaj\u0105 si\u0119 do rozwoju lokalnej spo\u0142eczno\u015bci. Je\u015bli Wasza dzia\u0142alno\u015b\u0107 niekomercyjna ma na celu popraw\u0119 jako\u015bci \u017cycia mieszka\u0144c\u00f3w Skar\u017cyska-Kamiennej, jeste\u015bmy gotowi wspiera\u0107 Wasze wysi\u0142ki.<\/li><li><strong>Inne podmioty pozytywnie zaopiniowane przez Rad\u0119 Programow\u0105:<\/strong> Je\u015bli Wasza dzia\u0142alno\u015b\u0107 nie wpisuje si\u0119 w \u017caden z wy\u017cej wymienionych typ\u00f3w, to nadal mo\u017cecie ubiega\u0107 si\u0119 o wynajem w Skar\u017cyskim Inkubatorze Technologicznym. Decyzja o zaakceptowaniu Waszej aplikacji zostanie podj\u0119ta przez Rad\u0119 Programow\u0105 na podstawie analizy Waszej dzia\u0142alno\u015bci oraz plan\u00f3w na przysz\u0142o\u015b\u0107.<\/li><\/ul>\t\t\t\t\t\t<\/div>\n\t\t\t\t<\/div>\n\t\t\t\t\t<\/div>\n\t\t<\/div>\n\t\t\t\t\t<\/div>\n\t\t<\/section>\n\t\t\t\t<section class=\"elementor-section elementor-top-section elementor-element elementor-element-39062d07 elementor-section-boxed elementor-section-height-default elementor-section-height-default\" data-id=\"39062d07\" data-element_type=\"section\">\n\t\t\t\t\t\t<div class=\"elementor-container elementor-column-gap-default\">\n\t\t\t\t\t<div class=\"elementor-column elementor-col-33 elementor-top-column elementor-element elementor-element-62d0dbba elementor-invisible\" data-id=\"62d0dbba\" data-element_type=\"column\" data-settings=\"{&quot;animation&quot;:&quot;fadeInLeft&quot;}\">\n\t\t\t<div class=\"elementor-widget-wrap elementor-element-populated\">\n\t\t\t\t\t\t<div class=\"elementor-element elementor-element-1201126e elementor-widget elementor-widget-heading\" data-id=\"1201126e\" data-element_type=\"widget\" data-widget_type=\"heading.default\">\n\t\t\t\t<div class=\"elementor-widget-container\">\n\t\t\t<h6 class=\"elementor-heading-title elementor-size-default\">Aktualno\u015bci<\/h6>\t\t<\/div>\n\t\t\t\t<\/div>\n\t\t\t\t<div class=\"elementor-element elementor-element-6d29940e elementor-widget elementor-widget-heading\" data-id=\"6d29940e\" data-element_type=\"widget\" data-widget_type=\"heading.default\">\n\t\t\t\t<div class=\"elementor-widget-container\">\n\t\t\t<h2 class=\"elementor-heading-title elementor-size-default\">Ostatnie wydarzenia<\/h2>\t\t<\/div>\n\t\t\t\t<\/div>\n\t\t\t\t<div class=\"elementor-element elementor-element-533f2a0a elementor-widget-divider--view-line elementor-widget elementor-widget-divider\" data-id=\"533f2a0a\" data-element_type=\"widget\" data-widget_type=\"divider.default\">\n\t\t\t\t<div class=\"elementor-widget-container\">\n\t\t\t\t\t<div class=\"elementor-divider\">\n\t\t\t<span class=\"elementor-divider-separator\">\n\t\t\t\t\t\t<\/span>\n\t\t<\/div>\n\t\t\t\t<\/div>\n\t\t\t\t<\/div>\n\t\t\t\t\t<\/div>\n\t\t<\/div>\n\t\t\t\t<div class=\"elementor-column elementor-col-66 elementor-top-column elementor-element elementor-element-5301661b elementor-invisible\" data-id=\"5301661b\" data-element_type=\"column\" data-settings=\"{&quot;animation&quot;:&quot;fadeIn&quot;,&quot;animation_delay&quot;:120}\">\n\t\t\t<div class=\"elementor-widget-wrap elementor-element-populated\">\n\t\t\t\t\t\t<div class=\"elementor-element elementor-element-3c25c7f7 elementor-grid-3 elementor-grid-tablet-2 elementor-grid-mobile-1 elementor-posts--thumbnail-top elementor-card-shadow-yes elementor-posts__hover-gradient elementor-widget elementor-widget-posts\" data-id=\"3c25c7f7\" data-element_type=\"widget\" data-settings=\"{&quot;cards_row_gap&quot;:{&quot;unit&quot;:&quot;px&quot;,&quot;size&quot;:20,&quot;sizes&quot;:[]},&quot;cards_columns&quot;:&quot;3&quot;,&quot;cards_columns_tablet&quot;:&quot;2&quot;,&quot;cards_columns_mobile&quot;:&quot;1&quot;,&quot;cards_row_gap_tablet&quot;:{&quot;unit&quot;:&quot;px&quot;,&quot;size&quot;:&quot;&quot;,&quot;sizes&quot;:[]},&quot;cards_row_gap_mobile&quot;:{&quot;unit&quot;:&quot;px&quot;,&quot;size&quot;:&quot;&quot;,&quot;sizes&quot;:[]}}\" data-widget_type=\"posts.cards\">\n\t\t\t\t<div class=\"elementor-widget-container\">\n\t\t\t\t\t<div class=\"elementor-posts-container elementor-posts elementor-posts--skin-cards elementor-grid\">\n\t\t\t\t<article class=\"elementor-post elementor-grid-item post-1377 post type-post status-publish format-standard has-post-thumbnail hentry category-aktualnosci tag-arkadiusz-bak tag-misje-gospodarcze tag-polska-wschodnia tag-przemysl-obronny tag-wspolpraca\">\n\t\t\t<div class=\"elementor-post__card\">\n\t\t\t\t<a class=\"elementor-post__thumbnail__link\" href=\"https:\/\/sit.skarzysko.pl\/index.php\/2025\/05\/06\/zaproszenie-do-udzialu-w-ii-edycji-regionalnych-misji-gospodarczych-30-05-ostrowiec-swietokrzyski\/\" tabindex=\"-1\" ><div class=\"elementor-post__thumbnail\"><img decoding=\"async\" width=\"1240\" height=\"1748\" src=\"https:\/\/sit.skarzysko.pl\/wp-content\/uploads\/2025\/05\/RMG-Ostrowiec-Zaproszenie.png\" class=\"attachment-full size-full wp-image-1378\" alt=\"\" srcset=\"https:\/\/sit.skarzysko.pl\/wp-content\/uploads\/2025\/05\/RMG-Ostrowiec-Zaproszenie.png 1240w, https:\/\/sit.skarzysko.pl\/wp-content\/uploads\/2025\/05\/RMG-Ostrowiec-Zaproszenie-213x300.png 213w, https:\/\/sit.skarzysko.pl\/wp-content\/uploads\/2025\/05\/RMG-Ostrowiec-Zaproszenie-726x1024.png 726w, https:\/\/sit.skarzysko.pl\/wp-content\/uploads\/2025\/05\/RMG-Ostrowiec-Zaproszenie-768x1083.png 768w, https:\/\/sit.skarzysko.pl\/wp-content\/uploads\/2025\/05\/RMG-Ostrowiec-Zaproszenie-1090x1536.png 1090w\" sizes=\"(max-width: 1240px) 100vw, 1240px\" \/><\/div><\/a>\n\t\t\t\t<div class=\"elementor-post__badge\">Aktualno\u015bci<\/div>\n\t\t\t\t<div class=\"elementor-post__text\">\n\t\t\t\t<h3 class=\"elementor-post__title\">\n\t\t\t<a href=\"https:\/\/sit.skarzysko.pl\/index.php\/2025\/05\/06\/zaproszenie-do-udzialu-w-ii-edycji-regionalnych-misji-gospodarczych-30-05-ostrowiec-swietokrzyski\/\" >\n\t\t\t\tZaproszenie do udzia\u0142u w II edycji Regionalnych Misji Gospodarczych &#8211; 30.05, Ostrowiec \u015awi\u0119tokrzyski\t\t\t<\/a>\n\t\t<\/h3>\n\t\t\t\t<div class=\"elementor-post__excerpt\">\n\t\t\t<p>Artyku\u0142 przeczytasz w 1 minut\u0119. Prezydent Skar\u017cyska-Kamiennej Arkadiusz Bogucki wraz z Prezydentami: Starachowic \u2013 Markiem Materkiem oraz Ostrowca \u015awi\u0119tokrzyskiego \u2013 Arturem \u0141akomcem zapraszaj\u0105 przedsi\u0119biorc\u00f3w do<\/p>\n\t\t<\/div>\n\t\t\t\t<\/div>\n\t\t\t\t\t<\/div>\n\t\t<\/article>\n\t\t\t\t<article class=\"elementor-post elementor-grid-item post-1367 post type-post status-publish format-standard hentry category-aktualnosci tag-skarzysko-kamienna tag-um\">\n\t\t\t<div class=\"elementor-post__card\">\n\t\t\t\t<div class=\"elementor-post__text\">\n\t\t\t\t<h3 class=\"elementor-post__title\">\n\t\t\t<a href=\"https:\/\/sit.skarzysko.pl\/index.php\/2025\/04\/30\/piatek-2-maja-urzad-miasta-bedzie-nieczynny\/\" >\n\t\t\t\tPi\u0105tek, 2 maja &#8211; Urz\u0105d Miasta b\u0119dzie nieczynny\t\t\t<\/a>\n\t\t<\/h3>\n\t\t\t\t<div class=\"elementor-post__excerpt\">\n\t\t\t<p>Artyku\u0142 przeczytasz w mniej ni\u017c 1 minut\u0119. Informujemy, \u017ce w najbli\u017cszy pi\u0105tek, 2 maja, Urz\u0105d Miasta b\u0119dzie nieczynny. Prosimy o uwzgl\u0119dnienie tej informacji przy planowaniu<\/p>\n\t\t<\/div>\n\t\t\t\t<\/div>\n\t\t\t\t\t<\/div>\n\t\t<\/article>\n\t\t\t\t<article class=\"elementor-post elementor-grid-item post-1364 post type-post status-publish format-standard hentry category-aktualnosci tag-lizbona tag-misja-gospodarcza tag-umws tag-web-summit\">\n\t\t\t<div class=\"elementor-post__card\">\n\t\t\t\t<div class=\"elementor-post__text\">\n\t\t\t\t<h3 class=\"elementor-post__title\">\n\t\t\t<a href=\"https:\/\/sit.skarzysko.pl\/index.php\/2025\/04\/29\/nabor-na-wyjazdowa-misje-gospodarcza-dla-firm-z-woj-swietokrzyskiego-na-targi-technologiczne-web-summit-lizbona-2025\/\" >\n\t\t\t\tNab\u00f3r na wyjazdow\u0105 misj\u0119 gospodarcz\u0105 dla firm z woj. \u015bwi\u0119tokrzyskiego na targi technologiczne WEB SUMMIT LIZBONA 2025\t\t\t<\/a>\n\t\t<\/h3>\n\t\t\t\t<div class=\"elementor-post__excerpt\">\n\t\t\t<p>Artyku\u0142 przeczytasz w 1 minut\u0119. Wojew\u00f3dztwo \u015bwi\u0119tokrzyskie og\u0142asza nab\u00f3r na wyjazdow\u0105 misj\u0119 gospodarcz\u0105 wraz z organizacj\u0105 wsp\u00f3lnej powierzchni wystawienniczej na targach technologicznych WEB SUMMIT LIZBONA<\/p>\n\t\t<\/div>\n\t\t\t\t<\/div>\n\t\t\t\t\t<\/div>\n\t\t<\/article>\n\t\t\t\t<\/div>\n\t\t\n\t\t\t\t<\/div>\n\t\t\t\t<\/div>\n\t\t\t\t\t<\/div>\n\t\t<\/div>\n\t\t\t\t\t<\/div>\n\t\t<\/section>\n\t\t\t\t<\/div>\n\t\t","protected":false},"excerpt":{"rendered":"<p>Aplikacjedo SIT Powierzchnie NOWOCZESNY KOMPLEKS 10 HAL PRODUKCYJNYCH ORAZ 5 MAGAZYNOWYCH Zaplecze KLIMATYZOWANE ZAPLECZA SOCJALNO \u2013 BIUROWE Z WYPOSA\u017bENIEM MEBLOWYM Lokalizacja \u015aWIETNA LOKALIZACJA NA UBOCZU MIASTA Z DOBRYM I SZYBKIM DOJAZDEM DO CENTRUM SIT skar\u017cysko kamienna Kto mo\u017ce sk\u0142ada\u0107 aplikacje do SIT O mo\u017cliwo\u015b\u0107 zostania Najemc\u0105 Skar\u017cyskiego Inkubatora Technologicznego mog\u0105 ubiega\u0107 si\u0119 r\u00f3\u017cne rodzaje podmiot\u00f3w, [&hellip;]<\/p>\n","protected":false},"author":1,"featured_media":0,"parent":0,"menu_order":0,"comment_status":"closed","ping_status":"closed","template":"","meta":{"footnotes":""},"class_list":["post-538","page","type-page","status-publish","hentry"],"_links":{"self":[{"href":"https:\/\/sit.skarzysko.pl\/index.php\/wp-json\/wp\/v2\/pages\/538"}],"collection":[{"href":"https:\/\/sit.skarzysko.pl\/index.php\/wp-json\/wp\/v2\/pages"}],"about":[{"href":"https:\/\/sit.skarzysko.pl\/index.php\/wp-json\/wp\/v2\/types\/page"}],"author":[{"embeddable":true,"href":"https:\/\/sit.skarzysko.pl\/index.php\/wp-json\/wp\/v2\/users\/1"}],"replies":[{"embeddable":true,"href":"https:\/\/sit.skarzysko.pl\/index.php\/wp-json\/wp\/v2\/comments?post=538"}],"version-history":[{"count":29,"href":"https:\/\/sit.skarzysko.pl\/index.php\/wp-json\/wp\/v2\/pages\/538\/revisions"}],"predecessor-version":[{"id":916,"href":"https:\/\/sit.skarzysko.pl\/index.php\/wp-json\/wp\/v2\/pages\/538\/revisions\/916"}],"wp:attachment":[{"href":"https:\/\/sit.skarzysko.pl\/index.php\/wp-json\/wp\/v2\/media?parent=538"}],"curies":[{"name":"wp","href":"https:\/\/api.w.org\/{rel}","templated":true}]}}